{"id":108,"date":"2021-04-30T07:14:08","date_gmt":"2021-04-30T07:14:08","guid":{"rendered":"https:\/\/restaurante.grupodoscar.com\/kamaty\/?page_id=108"},"modified":"2021-12-22T13:41:41","modified_gmt":"2021-12-22T13:41:41","slug":"politica-de-privacidad","status":"publish","type":"page","link":"https:\/\/restaurante.grupodoscar.com\/piccolopark\/politica-de-privacidad\/","title":{"rendered":"Pol\u00edtica de Privacidad"},"content":{"rendered":"\t\t<div data-elementor-type=\"wp-page\" data-elementor-id=\"108\" class=\"elementor elementor-108\">\n\t\t\t\t\t\t\t\t\t<section class=\"elementor-section elementor-top-section elementor-element elementor-element-45695b6a elementor-section-boxed elementor-section-height-default elementor-section-height-default\" data-id=\"45695b6a\" data-element_type=\"section\">\n\t\t\t\t\t\t<div class=\"elementor-container elementor-column-gap-default\">\n\t\t\t\t\t<div class=\"elementor-column elementor-col-100 elementor-top-column elementor-element elementor-element-704899de\" data-id=\"704899de\" data-element_type=\"column\">\n\t\t\t<div class=\"elementor-widget-wrap elementor-element-populated\">\n\t\t\t\t\t\t\t\t<div class=\"elementor-element elementor-element-2eeb48fe elementor-widget elementor-widget-text-editor\" data-id=\"2eeb48fe\" data-element_type=\"widget\" data-widget_type=\"text-editor.default\">\n\t\t\t\t<div class=\"elementor-widget-container\">\n\t\t\t\t\t\t\t<p><span style=\"color: #ffffff;\"><!-- wp:paragraph --><\/span><\/p>\n<h6><span style=\"color: #ffffff;\"><strong>POL\u00cdTICA DE PRIVACIDAD<\/strong><\/span><\/h6>\n<p><span style=\"color: #ffffff;\"><strong>Piccolo Park<\/strong>, se compromete a adoptar una Pol\u00edtica de Confidencialidad y Protecci\u00f3n de Datos, con el objeto de proteger la privacidad de la informaci\u00f3n personal obtenida a trav\u00e9s de su Portal y de conformidad con lo establecido en la normativa vigente relativa a la Protecci\u00f3n de Datos de Car\u00e1cter Personal (Ley Org\u00e1nica 15\/1999, de 13 de diciembre) y dem\u00e1s normas de desarrollo.<\/span><\/p>\n<p><span style=\"color: #ffffff;\">No obstante,\u00a0<strong>Piccolo Park<\/strong>, se reserva el derecho de modificar las Normas de Confidencialidad y Protecci\u00f3n de Datos que a continuaci\u00f3n se detallan a fin de adaptarlas a novedades legislativas, jurisprudenciales, t\u00e9cnicas o todas aquellas que le permitan ofrecer mejores servicios y contenidos, con lo cual se aconseja revisar estas normas peri\u00f3dicamente. En dichos supuestos\u00a0<strong>Piccolo Park<\/strong>, anunciar\u00e1 en esta p\u00e1gina los cambios introducidos con razonable antelaci\u00f3n a su puesta en pr\u00e1ctica.<\/span><\/p>\n<p><span style=\"color: #ffffff;\">El hecho de que el usuario acceda esta p\u00e1gina web no lleva impl\u00edcita la condici\u00f3n de que el mismo deba suministrar informaci\u00f3n alguna sobre sus Datos de Car\u00e1cter Personal.<\/span><\/p>\n<p><span style=\"color: #ffffff;\">Los usuarios que faciliten datos de car\u00e1cter personal, consienten inequ\u00edvocamente la incorporaci\u00f3n de sus datos a los ficheros automatizados de los que es responsable\u00a0<strong>Piccolo Park<\/strong>, y que se encuentran debidamente inscritos en el Registro General de Protecci\u00f3n de Datos, as\u00ed como el tratamiento informatizado o no de los mismos con el fin de que puedan ser utilizados por\u00a0<strong>Piccolo Park<\/strong>, para la prestaci\u00f3n de servicios y\/o consultas solicitadas por el usuario, as\u00ed como el env\u00edo de informaci\u00f3n directamente relacionada.<\/span><\/p>\n<p><span style=\"color: #ffffff;\">Esta entidad tratar\u00e1 los datos de forma confidencial y cancelar\u00e1, borrar\u00e1 y\/o bloquear\u00e1 los datos cuando resulten inexactos, incompletos o hayan dejado de ser necesarios o pertinentes para su finalidad, de conformidad con lo previsto en la legislaci\u00f3n en materia de protecci\u00f3n de datos.<\/span><\/p>\n<p><span style=\"color: #ffffff;\">Toda la informaci\u00f3n que facilite el Usuario a trav\u00e9s del Portal deber\u00e1 ser veraz. A estos efectos, el Usuario garantiza la autenticidad de todos aquellos datos que comunique y mantendr\u00e1 la informaci\u00f3n facilitada a <strong>Piccolo Park<\/strong>, perfectamente actualizada de forma que responda, en todo momento, a la situaci\u00f3n real del Usuario. En todo caso ser\u00e1 el Usuario el \u00fanico responsable de las manifestaciones falsas o inexactas que realice y de los perjuicios que cause a <strong>Piccolo Park<\/strong>, o a terceros por la informaci\u00f3n que facilite.<\/span><\/p>\n<p><span style=\"color: #ffffff;\">En el momento de proceder a la recogida de los datos se indicar\u00e1 el car\u00e1cter voluntario u obligatorio de los datos objeto de recogida. La negativa a proporcionar los datos calificados obligatorios supondr\u00e1 la no prestaci\u00f3n o la imposibilidad de acceder al servicio para los que eran solicitados. As\u00ed mismo, podr\u00e1n facilitarse datos de modo voluntario con el objetivo de que puedan prestarse de modo m\u00e1s \u00f3ptimo los servicios presentados.<\/span><\/p>\n<p><span style=\"color: #ffffff;\"><strong>Piccolo Park<\/strong>, se compromete al cumplimiento de su obligaci\u00f3n de secreto de los datos de car\u00e1cter personal y de su deber de guardarlos de acuerdo con lo establecido por el Reglamento de desarrollo de la Ley Org\u00e1nica de Protecci\u00f3n de Datos, aprobado por el Real Decreto 1720\/2007. En este sentido el grupo\u00a0<strong>Piccolo Park<\/strong>, ha adoptado las medidas t\u00e9cnicas y organizativas para lograr los niveles de seguridad de protecci\u00f3n de los Datos Personales legalmente requeridos, todo ello de cara a evitar la p\u00e9rdida, mal uso, alteraci\u00f3n, acceso no autorizado y robo de los Datos Personales facilitados.<\/span><\/p>\n<p><span style=\"color: #ffffff;\">Sin embargo, el usuario debe ser consciente de que en la actualidad las medidas de seguridad en Internet no son inexpugnables y por lo tanto no se est\u00e1 a salvo de posibles intromisiones ilegales e indebidas, que no ser\u00edan responsabilidad de <strong>Piccolo Park<\/strong>, ya que ha actuado con la diligencia debida para proteger los datos conforme determina la ley.<\/span><\/p>\n<h6><span style=\"color: #ffffff;\"><strong>USO DE LOS DATOS DEL CLIENTE<\/strong><\/span><\/h6>\n<p><span style=\"color: #ffffff;\"><strong>Piccolo Park<\/strong>\u00a0queda expresamente autorizada a utilizar los datos del Cliente relacionados con la relaci\u00f3n comercial y a cederlos a aquellas empresas con las que mantenga a su vez relaciones de grupo o comerciales, sin perjuicio del derecho de acceso, cancelaci\u00f3n o rectificaci\u00f3n que podr\u00e1 ejercitar el Cliente en cualquier momento y por cualquier medio, en el domicilio de <strong>Piccolo Park<\/strong><\/span><\/p>\n<h6><span style=\"color: #ffffff;\"><strong>USO DE COOKIES<\/strong><\/span><\/h6>\n<p><span style=\"color: #ffffff;\">Esta p\u00e1gina web utiliza cookies. Las cookies son peque\u00f1os ficheros de datos que se generan en el ordenador del usuario y que nos permiten conocer la siguiente informaci\u00f3n: la fecha y la hora de la \u00faltima vez que el usuario visit\u00f3 nuestra p\u00e1gina web, el dise\u00f1o de contenidos que el usuario escogi\u00f3 en su \u00faltima visita a nuestra p\u00e1gina web, elementos de seguridad que intervienen en el control de acceso a las \u00e1reas restringidas.<\/span><\/p>\n<p><span style=\"color: #ffffff;\">La entidad podr\u00e1 emplear las \u00abcookies\u00bb cuando los usuarios naveguen por las p\u00e1ginas de la Web aunque para acceder y usar \u00e9sta no es necesario que permitan la instalaci\u00f3n de \u00abcookies\u00bb. Las \u00abcookies\u00bb se asocian \u00fanicamente con su ordenador, pero no proporcionan datos que permitan deducir el nombre del usuario, ni pueden leer datos del disco duro del ordenador del usuario ni detectar \u00abcookies\u00bb creadas por terceros.<\/span><\/p>\n<p><span style=\"color: #ffffff;\">El usuario tiene la posibilidad de configurar su navegador, de acuerdo con las instrucciones y manuales que le sean de aplicaci\u00f3n, para ser avisado en pantalla de la recepci\u00f3n de \u00abcookies\u00bb y para impedir la instalaci\u00f3n de \u00abcookies\u00bb en el disco duro. Todo ello de conformidad con el ART 22.2 De la Ley 34\/2002, de 11 de julio, de servicios de la sociedad de la informaci\u00f3n y de comercio electr\u00f3nico que se modifica en virtud del art. 4 Real Decreto-ley 13\/2012, con su nueva redacci\u00f3n.<\/span><\/p>\n<p><span style=\"color: #ffffff;\"><strong>Piccolo Park<\/strong>, reconoce a los usuarios el derecho a revocar el consentimiento prestado, as\u00ed como los derechos de acceso, cancelaci\u00f3n, rectificaci\u00f3n y oposici\u00f3n a sus datos que podr\u00e1n ejercitar mediante comunicaci\u00f3n escrita aportando: Nombre y Apellidos, fotocopia de D.N.I. o documento acreditativo, domicilio a efectos de notificaciones, petici\u00f3n razonada en que se concreta la solicitud, fecha y firma.<\/span><\/p>\n<h6><span style=\"color: #ffffff;\"><strong>LEGISLACI\u00d3N APLICABLE<\/strong><\/span><\/h6>\n<p><span style=\"color: #ffffff;\">El presente Aviso Legal se rige en todos y cada uno de sus extremos por la Ley Espa\u00f1ola, renunciando expresamente las partes al fuero que les corresponda, y someti\u00e9ndose a los Juzgados y Tribunales de Madrid.<\/span><\/p>\n<p><span style=\"color: #ffffff;\"><strong>Piccolo Park<\/strong>, perseguir\u00e1 el incumplimiento de las presentes condiciones legales as\u00ed como cualquier utilizaci\u00f3n indebida de este portal, ejerciendo todas las acciones legales que le puedan corresponder en derecho.<\/span><\/p>\n<p><span style=\"color: #ffffff;\"><!-- \/wp:paragraph --><\/span><\/p>\t\t\t\t\t\t<\/div>\n\t\t\t\t<\/div>\n\t\t\t\t\t<\/div>\n\t\t<\/div>\n\t\t\t\t\t\t\t<\/div>\n\t\t<\/section>\n\t\t\t\t\t\t\t<\/div>\n\t\t","protected":false},"excerpt":{"rendered":"<p>POL\u00cdTICA DE PRIVACIDAD Piccolo Park, se compromete a adoptar una Pol\u00edtica de Confidencialidad y Protecci\u00f3n de Datos, con el objeto de proteger la privacidad de la informaci\u00f3n personal obtenida a trav\u00e9s de su Portal y de conformidad con lo establecido&#8230; <\/p>\n<div class=\"readmore-section\"><a href=\"https:\/\/restaurante.grupodoscar.com\/piccolopark\/politica-de-privacidad\/\"><input type=\"submit\" name=\"submit\" value=\"Seguir leyendo&#8230;\" class=\"readmore-btn\" ><\/a><\/div>\n","protected":false},"author":1,"featured_media":0,"parent":0,"menu_order":0,"comment_status":"closed","ping_status":"closed","template":"","meta":{"footnotes":""},"yoast_head":"<!-- This site is optimized with the Yoast SEO plugin v21.7 - https:\/\/yoast.com\/wordpress\/plugins\/seo\/ -->\n<title>Pol\u00edtica de Privacidad - Piccolo Park<\/title>\n<meta name=\"robots\" content=\"index, follow, max-snippet:-1, max-image-preview:large, max-video-preview:-1\" \/>\n<link rel=\"canonical\" href=\"https:\/\/restaurante.grupodoscar.com\/piccolopark\/politica-de-privacidad\/\" \/>\n<meta property=\"og:locale\" content=\"es_ES\" \/>\n<meta property=\"og:type\" content=\"article\" \/>\n<meta property=\"og:title\" content=\"Pol\u00edtica de Privacidad - Piccolo Park\" \/>\n<meta property=\"og:description\" content=\"POL\u00cdTICA DE PRIVACIDAD Piccolo Park, se compromete a adoptar una Pol\u00edtica de Confidencialidad y Protecci\u00f3n de Datos, con el objeto de proteger la privacidad de la informaci\u00f3n personal obtenida a trav\u00e9s de su Portal y de conformidad con lo establecido...\" \/>\n<meta property=\"og:url\" content=\"https:\/\/restaurante.grupodoscar.com\/piccolopark\/politica-de-privacidad\/\" \/>\n<meta property=\"og:site_name\" content=\"Piccolo Park\" \/>\n<meta property=\"article:modified_time\" content=\"2021-12-22T13:41:41+00:00\" \/>\n<meta name=\"twitter:card\" content=\"summary_large_image\" \/>\n<meta name=\"twitter:label1\" content=\"Tiempo de lectura\" \/>\n\t<meta name=\"twitter:data1\" content=\"5 minutos\" \/>\n<script type=\"application\/ld+json\" class=\"yoast-schema-graph\">{\"@context\":\"https:\/\/schema.org\",\"@graph\":[{\"@type\":\"WebPage\",\"@id\":\"https:\/\/restaurante.grupodoscar.com\/piccolopark\/politica-de-privacidad\/\",\"url\":\"https:\/\/restaurante.grupodoscar.com\/piccolopark\/politica-de-privacidad\/\",\"name\":\"Pol\u00edtica de Privacidad - Piccolo Park\",\"isPartOf\":{\"@id\":\"https:\/\/restaurante.grupodoscar.com\/piccolopark\/#website\"},\"datePublished\":\"2021-04-30T07:14:08+00:00\",\"dateModified\":\"2021-12-22T13:41:41+00:00\",\"breadcrumb\":{\"@id\":\"https:\/\/restaurante.grupodoscar.com\/piccolopark\/politica-de-privacidad\/#breadcrumb\"},\"inLanguage\":\"es\",\"potentialAction\":[{\"@type\":\"ReadAction\",\"target\":[\"https:\/\/restaurante.grupodoscar.com\/piccolopark\/politica-de-privacidad\/\"]}]},{\"@type\":\"BreadcrumbList\",\"@id\":\"https:\/\/restaurante.grupodoscar.com\/piccolopark\/politica-de-privacidad\/#breadcrumb\",\"itemListElement\":[{\"@type\":\"ListItem\",\"position\":1,\"name\":\"Portada\",\"item\":\"https:\/\/restaurante.grupodoscar.com\/piccolopark\/\"},{\"@type\":\"ListItem\",\"position\":2,\"name\":\"Pol\u00edtica de Privacidad\"}]},{\"@type\":\"WebSite\",\"@id\":\"https:\/\/restaurante.grupodoscar.com\/piccolopark\/#website\",\"url\":\"https:\/\/restaurante.grupodoscar.com\/piccolopark\/\",\"name\":\"Piccolo Park\",\"description\":\"\",\"potentialAction\":[{\"@type\":\"SearchAction\",\"target\":{\"@type\":\"EntryPoint\",\"urlTemplate\":\"https:\/\/restaurante.grupodoscar.com\/piccolopark\/?s={search_term_string}\"},\"query-input\":\"required name=search_term_string\"}],\"inLanguage\":\"es\"}]}<\/script>\n<!-- \/ Yoast SEO plugin. -->","yoast_head_json":{"title":"Pol\u00edtica de Privacidad - Piccolo Park","robots":{"index":"index","follow":"follow","max-snippet":"max-snippet:-1","max-image-preview":"max-image-preview:large","max-video-preview":"max-video-preview:-1"},"canonical":"https:\/\/restaurante.grupodoscar.com\/piccolopark\/politica-de-privacidad\/","og_locale":"es_ES","og_type":"article","og_title":"Pol\u00edtica de Privacidad - Piccolo Park","og_description":"POL\u00cdTICA DE PRIVACIDAD Piccolo Park, se compromete a adoptar una Pol\u00edtica de Confidencialidad y Protecci\u00f3n de Datos, con el objeto de proteger la privacidad de la informaci\u00f3n personal obtenida a trav\u00e9s de su Portal y de conformidad con lo establecido...","og_url":"https:\/\/restaurante.grupodoscar.com\/piccolopark\/politica-de-privacidad\/","og_site_name":"Piccolo Park","article_modified_time":"2021-12-22T13:41:41+00:00","twitter_card":"summary_large_image","twitter_misc":{"Tiempo de lectura":"5 minutos"},"schema":{"@context":"https:\/\/schema.org","@graph":[{"@type":"WebPage","@id":"https:\/\/restaurante.grupodoscar.com\/piccolopark\/politica-de-privacidad\/","url":"https:\/\/restaurante.grupodoscar.com\/piccolopark\/politica-de-privacidad\/","name":"Pol\u00edtica de Privacidad - Piccolo Park","isPartOf":{"@id":"https:\/\/restaurante.grupodoscar.com\/piccolopark\/#website"},"datePublished":"2021-04-30T07:14:08+00:00","dateModified":"2021-12-22T13:41:41+00:00","breadcrumb":{"@id":"https:\/\/restaurante.grupodoscar.com\/piccolopark\/politica-de-privacidad\/#breadcrumb"},"inLanguage":"es","potentialAction":[{"@type":"ReadAction","target":["https:\/\/restaurante.grupodoscar.com\/piccolopark\/politica-de-privacidad\/"]}]},{"@type":"BreadcrumbList","@id":"https:\/\/restaurante.grupodoscar.com\/piccolopark\/politica-de-privacidad\/#breadcrumb","itemListElement":[{"@type":"ListItem","position":1,"name":"Portada","item":"https:\/\/restaurante.grupodoscar.com\/piccolopark\/"},{"@type":"ListItem","position":2,"name":"Pol\u00edtica de Privacidad"}]},{"@type":"WebSite","@id":"https:\/\/restaurante.grupodoscar.com\/piccolopark\/#website","url":"https:\/\/restaurante.grupodoscar.com\/piccolopark\/","name":"Piccolo Park","description":"","potentialAction":[{"@type":"SearchAction","target":{"@type":"EntryPoint","urlTemplate":"https:\/\/restaurante.grupodoscar.com\/piccolopark\/?s={search_term_string}"},"query-input":"required name=search_term_string"}],"inLanguage":"es"}]}},"_links":{"self":[{"href":"https:\/\/restaurante.grupodoscar.com\/piccolopark\/wp-json\/wp\/v2\/pages\/108"}],"collection":[{"href":"https:\/\/restaurante.grupodoscar.com\/piccolopark\/wp-json\/wp\/v2\/pages"}],"about":[{"href":"https:\/\/restaurante.grupodoscar.com\/piccolopark\/wp-json\/wp\/v2\/types\/page"}],"author":[{"embeddable":true,"href":"https:\/\/restaurante.grupodoscar.com\/piccolopark\/wp-json\/wp\/v2\/users\/1"}],"replies":[{"embeddable":true,"href":"https:\/\/restaurante.grupodoscar.com\/piccolopark\/wp-json\/wp\/v2\/comments?post=108"}],"version-history":[{"count":13,"href":"https:\/\/restaurante.grupodoscar.com\/piccolopark\/wp-json\/wp\/v2\/pages\/108\/revisions"}],"predecessor-version":[{"id":1428,"href":"https:\/\/restaurante.grupodoscar.com\/piccolopark\/wp-json\/wp\/v2\/pages\/108\/revisions\/1428"}],"wp:attachment":[{"href":"https:\/\/restaurante.grupodoscar.com\/piccolopark\/wp-json\/wp\/v2\/media?parent=108"}],"curies":[{"name":"wp","href":"https:\/\/api.w.org\/{rel}","templated":true}]}}